{"id":50,"date":"2016-09-30T16:08:55","date_gmt":"2016-09-30T14:08:55","guid":{"rendered":"http:\/\/geldernamp.com.loopiadns.com\/?page_id=50"},"modified":"2021-12-29T16:30:39","modified_gmt":"2021-12-29T15:30:39","slug":"produkter","status":"publish","type":"page","link":"https:\/\/geldernamp.com\/sv\/produkter\/","title":{"rendered":"Produkter"},"content":{"rendered":"<p>[et_pb_section fb_built=&#8221;1&#8243; custom_padding_last_edited=&#8221;on|desktop&#8221; admin_label=&#8221;section&#8221; _builder_version=&#8221;3.22&#8243; background_color=&#8221;#ffffff&#8221; background_image=&#8221;https:\/\/geldernamp.com\/wp-content\/uploads\/2016\/09\/bg.jpg&#8221; custom_padding_tablet=&#8221;50px|0|50px|0&#8243; custom_padding_phone=&#8221;&#8221; global_colors_info=&#8221;{}&#8221;][et_pb_row admin_label=&#8221;row&#8221; _builder_version=&#8221;3.25&#8243; background_size=&#8221;initial&#8221; background_position=&#8221;top_left&#8221; background_repeat=&#8221;repeat&#8221; global_colors_info=&#8221;{}&#8221;][et_pb_column type=&#8221;4_4&#8243; _builder_version=&#8221;3.25&#8243; custom_padding=&#8221;|||&#8221; global_colors_info=&#8221;{}&#8221; custom_padding__hover=&#8221;|||&#8221;][et_pb_text admin_label=&#8221;Rubrik&#8221; _builder_version=&#8221;4.14.4&#8243; background_size=&#8221;initial&#8221; background_position=&#8221;top_left&#8221; background_repeat=&#8221;repeat&#8221; hover_enabled=&#8221;0&#8243; use_border_color=&#8221;off&#8221; border_color=&#8221;#ffffff&#8221; border_style=&#8221;solid&#8221; global_colors_info=&#8221;{}&#8221; sticky_enabled=&#8221;0&#8243;]<\/p>\n<h1><span style=\"color: #999999;\">Geldern Amplifiers GH50A<\/span><\/h1>\n<p>[\/et_pb_text][et_pb_image src=&#8221;https:\/\/geldernamp.com\/wp-content\/uploads\/2016\/09\/GA_with_interface.jpg&#8221; alt=&#8221;Geldern Amplifier&#8221; align_tablet=&#8221;center&#8221; align_phone=&#8221;&#8221; align_last_edited=&#8221;on|desktop&#8221; admin_label=&#8221;Bild&#8221; _builder_version=&#8221;3.23&#8243; animation_style=&#8221;slide&#8221; animation_direction=&#8221;left&#8221; animation_duration=&#8221;500ms&#8221; animation_intensity_slide=&#8221;10%&#8221; use_border_color=&#8221;off&#8221; global_colors_info=&#8221;{}&#8221;][\/et_pb_image][et_pb_text _builder_version=&#8221;4.14.4&#8243; background_size=&#8221;initial&#8221; background_position=&#8221;top_left&#8221; background_repeat=&#8221;repeat&#8221; hover_enabled=&#8221;0&#8243; use_border_color=&#8221;off&#8221; border_color=&#8221;#ffffff&#8221; border_style=&#8221;solid&#8221; global_colors_info=&#8221;{}&#8221; sticky_enabled=&#8221;0&#8243;]<\/p>\n<h3><span style=\"color: #999999;\">F\u00f6r pris, best\u00e4llning och mer information, kontakta oss p\u00e5 <a href=\"mailto:info@geldernamp.com\" style=\"color: #999999;\">info@geldernamp.com<\/a><\/span><\/h3>\n<p>[\/et_pb_text][\/et_pb_column][\/et_pb_row][\/et_pb_section]<\/p>\n","protected":false},"excerpt":{"rendered":"<p>Geldern Amplifiers GH50AF\u00f6r pris, best\u00e4llning och mer information, kontakta oss p\u00e5 info@geldernamp.com<\/p>\n","protected":false},"author":1,"featured_media":0,"parent":0,"menu_order":0,"comment_status":"closed","ping_status":"closed","template":"","meta":{"_et_pb_use_builder":"on","_et_pb_old_content":"","_et_gb_content_width":"","_monsterinsights_skip_tracking":false,"_monsterinsights_sitenote_active":false,"_monsterinsights_sitenote_note":"","_monsterinsights_sitenote_category":0,"footnotes":""},"class_list":["post-50","page","type-page","status-publish","hentry"],"yoast_head":"<!-- This site is optimized with the Yoast SEO plugin v27.5 - https:\/\/yoast.com\/product\/yoast-seo-wordpress\/ -->\n<title>Produkter - Geldern Amplifiers<\/title>\n<meta name=\"robots\" content=\"index, follow, max-snippet:-1, max-image-preview:large, max-video-preview:-1\" \/>\n<link rel=\"canonical\" href=\"https:\/\/geldernamp.com\/sv\/produkter\/\" \/>\n<meta property=\"og:locale\" content=\"sv_SE\" \/>\n<meta property=\"og:type\" content=\"article\" \/>\n<meta property=\"og:title\" content=\"Produkter - Geldern Amplifiers\" \/>\n<meta property=\"og:description\" content=\"Geldern Amplifiers GH50AF\u00f6r pris, best\u00e4llning och mer information, kontakta oss p\u00e5 info@geldernamp.com\" \/>\n<meta property=\"og:url\" content=\"https:\/\/geldernamp.com\/sv\/produkter\/\" \/>\n<meta property=\"og:site_name\" content=\"Geldern Amplifiers\" \/>\n<meta property=\"article:publisher\" content=\"https:\/\/www.facebook.com\/Geldern-Amplifiers-481632898677656\/\" \/>\n<meta property=\"article:modified_time\" content=\"2021-12-29T15:30:39+00:00\" \/>\n<meta name=\"twitter:card\" content=\"summary_large_image\" \/>\n<meta name=\"twitter:label1\" content=\"Ber\u00e4knad l\u00e4stid\" \/>\n\t<meta name=\"twitter:data1\" content=\"1 minut\" \/>\n<script type=\"application\/ld+json\" class=\"yoast-schema-graph\">{\"@context\":\"https:\\\/\\\/schema.org\",\"@graph\":[{\"@type\":\"WebPage\",\"@id\":\"https:\\\/\\\/geldernamp.com\\\/sv\\\/produkter\\\/\",\"url\":\"https:\\\/\\\/geldernamp.com\\\/sv\\\/produkter\\\/\",\"name\":\"Produkter - Geldern Amplifiers\",\"isPartOf\":{\"@id\":\"https:\\\/\\\/geldernamp.com\\\/#website\"},\"datePublished\":\"2016-09-30T14:08:55+00:00\",\"dateModified\":\"2021-12-29T15:30:39+00:00\",\"breadcrumb\":{\"@id\":\"https:\\\/\\\/geldernamp.com\\\/sv\\\/produkter\\\/#breadcrumb\"},\"inLanguage\":\"sv-SE\",\"potentialAction\":[{\"@type\":\"ReadAction\",\"target\":[\"https:\\\/\\\/geldernamp.com\\\/sv\\\/produkter\\\/\"]}]},{\"@type\":\"BreadcrumbList\",\"@id\":\"https:\\\/\\\/geldernamp.com\\\/sv\\\/produkter\\\/#breadcrumb\",\"itemListElement\":[{\"@type\":\"ListItem\",\"position\":1,\"name\":\"Home\",\"item\":\"https:\\\/\\\/geldernamp.com\\\/sv\\\/\"},{\"@type\":\"ListItem\",\"position\":2,\"name\":\"Produkter\"}]},{\"@type\":\"WebSite\",\"@id\":\"https:\\\/\\\/geldernamp.com\\\/#website\",\"url\":\"https:\\\/\\\/geldernamp.com\\\/\",\"name\":\"Geldern Amplifiers\",\"description\":\"The Next Stage\",\"potentialAction\":[{\"@type\":\"SearchAction\",\"target\":{\"@type\":\"EntryPoint\",\"urlTemplate\":\"https:\\\/\\\/geldernamp.com\\\/?s={search_term_string}\"},\"query-input\":{\"@type\":\"PropertyValueSpecification\",\"valueRequired\":true,\"valueName\":\"search_term_string\"}}],\"inLanguage\":\"sv-SE\"}]}<\/script>\n<!-- \/ Yoast SEO plugin. -->","yoast_head_json":{"title":"Produkter - Geldern Amplifiers","robots":{"index":"index","follow":"follow","max-snippet":"max-snippet:-1","max-image-preview":"max-image-preview:large","max-video-preview":"max-video-preview:-1"},"canonical":"https:\/\/geldernamp.com\/sv\/produkter\/","og_locale":"sv_SE","og_type":"article","og_title":"Produkter - Geldern Amplifiers","og_description":"Geldern Amplifiers GH50AF\u00f6r pris, best\u00e4llning och mer information, kontakta oss p\u00e5 info@geldernamp.com","og_url":"https:\/\/geldernamp.com\/sv\/produkter\/","og_site_name":"Geldern Amplifiers","article_publisher":"https:\/\/www.facebook.com\/Geldern-Amplifiers-481632898677656\/","article_modified_time":"2021-12-29T15:30:39+00:00","twitter_card":"summary_large_image","twitter_misc":{"Ber\u00e4knad l\u00e4stid":"1 minut"},"schema":{"@context":"https:\/\/schema.org","@graph":[{"@type":"WebPage","@id":"https:\/\/geldernamp.com\/sv\/produkter\/","url":"https:\/\/geldernamp.com\/sv\/produkter\/","name":"Produkter - Geldern Amplifiers","isPartOf":{"@id":"https:\/\/geldernamp.com\/#website"},"datePublished":"2016-09-30T14:08:55+00:00","dateModified":"2021-12-29T15:30:39+00:00","breadcrumb":{"@id":"https:\/\/geldernamp.com\/sv\/produkter\/#breadcrumb"},"inLanguage":"sv-SE","potentialAction":[{"@type":"ReadAction","target":["https:\/\/geldernamp.com\/sv\/produkter\/"]}]},{"@type":"BreadcrumbList","@id":"https:\/\/geldernamp.com\/sv\/produkter\/#breadcrumb","itemListElement":[{"@type":"ListItem","position":1,"name":"Home","item":"https:\/\/geldernamp.com\/sv\/"},{"@type":"ListItem","position":2,"name":"Produkter"}]},{"@type":"WebSite","@id":"https:\/\/geldernamp.com\/#website","url":"https:\/\/geldernamp.com\/","name":"Geldern Amplifiers","description":"The Next Stage","potentialAction":[{"@type":"SearchAction","target":{"@type":"EntryPoint","urlTemplate":"https:\/\/geldernamp.com\/?s={search_term_string}"},"query-input":{"@type":"PropertyValueSpecification","valueRequired":true,"valueName":"search_term_string"}}],"inLanguage":"sv-SE"}]}},"_links":{"self":[{"href":"https:\/\/geldernamp.com\/sv\/wp-json\/wp\/v2\/pages\/50","targetHints":{"allow":["GET"]}}],"collection":[{"href":"https:\/\/geldernamp.com\/sv\/wp-json\/wp\/v2\/pages"}],"about":[{"href":"https:\/\/geldernamp.com\/sv\/wp-json\/wp\/v2\/types\/page"}],"author":[{"embeddable":true,"href":"https:\/\/geldernamp.com\/sv\/wp-json\/wp\/v2\/users\/1"}],"replies":[{"embeddable":true,"href":"https:\/\/geldernamp.com\/sv\/wp-json\/wp\/v2\/comments?post=50"}],"version-history":[{"count":0,"href":"https:\/\/geldernamp.com\/sv\/wp-json\/wp\/v2\/pages\/50\/revisions"}],"wp:attachment":[{"href":"https:\/\/geldernamp.com\/sv\/wp-json\/wp\/v2\/media?parent=50"}],"curies":[{"name":"wp","href":"https:\/\/api.w.org\/{rel}","templated":true}]}}