{"id":43,"date":"2016-09-30T16:06:54","date_gmt":"2016-09-30T14:06:54","guid":{"rendered":"http:\/\/geldernamp.com.loopiadns.com\/?page_id=43"},"modified":"2021-12-29T16:27:54","modified_gmt":"2021-12-29T15:27:54","slug":"info","status":"publish","type":"page","link":"https:\/\/geldernamp.com\/sv\/info\/","title":{"rendered":"Info"},"content":{"rendered":"<p>[et_pb_section fb_built=&#8221;1&#8243; fullwidth=&#8221;on&#8221; custom_padding_last_edited=&#8221;on|desktop&#8221; admin_label=&#8221;Sektion&#8221; _builder_version=&#8221;3.22&#8243; background_color=&#8221;#ffffff&#8221; custom_padding_tablet=&#8221;50px|0|50px|0&#8243; custom_padding_phone=&#8221;&#8221; transparent_background=&#8221;off&#8221; global_colors_info=&#8221;{}&#8221;][et_pb_fullwidth_header title=&#8221;Techs &#038; Specs&#8221; text_orientation=&#8221;center&#8221; header_fullscreen=&#8221;on&#8221; header_scroll_down=&#8221;on&#8221; scroll_down_icon=&#8221;%%1%%&#8221; scroll_down_icon_color=&#8221;#ffffff&#8221; title_font_color=&#8221;#ffffff&#8221; admin_label=&#8221;Sidhuvud &#8211; helbredd&#8221; _builder_version=&#8221;3.17.1&#8243; title_font=&#8221;Open Sans||||&#8221; title_text_color=&#8221;#ffffff&#8221; title_font_size=&#8221;69px&#8221; background_color=&#8221;rgba(255, 255, 255, 0)&#8221; background_image=&#8221;https:\/\/geldernamp.com\/wp-content\/uploads\/2016\/09\/larsson_duo2.jpg&#8221; parallax=&#8221;on&#8221; background_layout=&#8221;light&#8221; title_font_size_tablet=&#8221;55px&#8221; title_font_size_phone=&#8221;47px&#8221; title_font_size_last_edited=&#8221;on|phone&#8221; custom_css_main_element=&#8221;margin: 0 auto;&#8221; background_url=&#8221;https:\/\/geldernamp.com.loopiadns.com\/wp-content\/uploads\/2016\/09\/larsson_duo2.jpg&#8221; button_one_letter_spacing_hover=&#8221;0&#8243; button_two_letter_spacing_hover=&#8221;0&#8243; global_colors_info=&#8221;{}&#8221; button_one_text_size__hover_enabled=&#8221;off&#8221; button_two_text_size__hover_enabled=&#8221;off&#8221; button_one_text_color__hover_enabled=&#8221;off&#8221; button_two_text_color__hover_enabled=&#8221;off&#8221; button_one_border_width__hover_enabled=&#8221;off&#8221; button_two_border_width__hover_enabled=&#8221;off&#8221; button_one_border_color__hover_enabled=&#8221;off&#8221; button_two_border_color__hover_enabled=&#8221;off&#8221; button_one_border_radius__hover_enabled=&#8221;off&#8221; button_two_border_radius__hover_enabled=&#8221;off&#8221; button_one_letter_spacing__hover_enabled=&#8221;on&#8221; button_one_letter_spacing__hover=&#8221;0&#8243; button_two_letter_spacing__hover_enabled=&#8221;on&#8221; button_two_letter_spacing__hover=&#8221;0&#8243; button_one_bg_color__hover_enabled=&#8221;off&#8221; button_two_bg_color__hover_enabled=&#8221;off&#8221;][\/et_pb_fullwidth_header][\/et_pb_section][et_pb_section fb_built=&#8221;1&#8243; custom_padding_last_edited=&#8221;on|desktop&#8221; admin_label=&#8221;section&#8221; _builder_version=&#8221;3.22&#8243; background_color=&#8221;rgba(255,255,255,0)&#8221; background_image=&#8221;https:\/\/geldernamp.com\/wp-content\/uploads\/2016\/09\/bg.jpg&#8221; parallax=&#8221;on&#8221; parallax_method=&#8221;off&#8221; custom_padding_tablet=&#8221;50px|0|50px|0&#8243; custom_padding_phone=&#8221;&#8221; transparent_background=&#8221;on&#8221; global_colors_info=&#8221;{}&#8221;][et_pb_row admin_label=&#8221;Rad&#8221; _builder_version=&#8221;3.25&#8243; background_size=&#8221;initial&#8221; background_position=&#8221;top_left&#8221; background_repeat=&#8221;repeat&#8221; global_colors_info=&#8221;{}&#8221;][et_pb_column type=&#8221;4_4&#8243; _builder_version=&#8221;3.25&#8243; custom_padding=&#8221;|||&#8221; global_colors_info=&#8221;{}&#8221; custom_padding__hover=&#8221;|||&#8221;][et_pb_text admin_label=&#8221;Info om Geldern Amp (rubrik)&#8221; _builder_version=&#8221;4.14.4&#8243; background_size=&#8221;initial&#8221; background_position=&#8221;top_left&#8221; background_repeat=&#8221;repeat&#8221; hover_enabled=&#8221;0&#8243; use_border_color=&#8221;off&#8221; border_color=&#8221;#ffffff&#8221; border_style=&#8221;solid&#8221; global_colors_info=&#8221;{}&#8221; sticky_enabled=&#8221;0&#8243;]<\/p>\n<h1><span style=\"color: #999999;\">Info om Geldern amplifiers<\/span><\/h1>\n<p>[\/et_pb_text][\/et_pb_column][\/et_pb_row][et_pb_row column_structure=&#8221;2_3,1_3&#8243; admin_label=&#8221;row&#8221; _builder_version=&#8221;3.25&#8243; background_size=&#8221;initial&#8221; background_position=&#8221;top_left&#8221; background_repeat=&#8221;repeat&#8221; global_colors_info=&#8221;{}&#8221;][et_pb_column type=&#8221;2_3&#8243; _builder_version=&#8221;3.25&#8243; custom_padding=&#8221;|||&#8221; global_colors_info=&#8221;{}&#8221; custom_padding__hover=&#8221;|||&#8221;][et_pb_text admin_label=&#8221;Info&#8221; _builder_version=&#8221;4.14.4&#8243; background_size=&#8221;initial&#8221; background_position=&#8221;top_left&#8221; background_repeat=&#8221;repeat&#8221; hover_enabled=&#8221;0&#8243; use_border_color=&#8221;off&#8221; border_color=&#8221;#ffffff&#8221; border_style=&#8221;solid&#8221; global_colors_info=&#8221;{}&#8221; sticky_enabled=&#8221;0&#8243;]<\/p>\n<h2><span style=\"color: #999999;\">Anv\u00e4ndarv\u00e4nlig<\/span><\/h2>\n<p><span style=\"color: #999999;\">Alla inst\u00e4llningar g\u00f6rs via en 7\u201d grafisk touch-display samt en tryck- och vridbar man\u00f6verknapp f\u00f6r menyer, inst\u00e4llning av funktioner och lagring av v\u00e4rden.<\/span><\/p>\n<h2><span style=\"color: #999999;\">Kanaler och effekter<\/span><\/h2>\n<p><span style=\"color: #999999;\">F\u00f6rst\u00e4rkaren best\u00e5r av 128 programmerbara kanaler, d\u00e4r varje kanal har tre grundl\u00e4ggande ljudkarakt\u00e4rer \u2013 clean, crunch eller distortion. Dessa ljudkarakt\u00e4rer har, i sin tur, sex stycken olika varianter (modes).<\/span><\/p>\n<p><span style=\"color: #999999;\">Det finns ocks\u00e5 interna effekter som l\u00e4tt kan sl\u00e5s p\u00e5 och av, specifikt f\u00f6r varje kanal. Effekterna best\u00e5r av Reverb, Reverb Delay samt Reverb Chorus.<\/span><\/p>\n<p><span style=\"color: #999999;\">F\u00f6rst\u00e4rkaren har \u00e4ven en programmerbar effektloop f\u00f6r varje kanal. Effektloopen kan anv\u00e4ndas som serie, parallell eller en blandning (mix) av dessa. Det finns dessutom en inst\u00e4llning d\u00e4r signalniv\u00e5n kan vara -10dBV (gitarreffekts niv\u00e5) eller +4dBu (professionell utrustning).<\/span><\/p>\n<h2><span style=\"color: #999999;\">Gr\u00e4nssnitt<\/span><\/h2>\n<p><span style=\"color: #999999;\">USB, MIDI, Send, Return<\/span><\/p>\n<h2><span style=\"color: #999999;\">Genomt\u00e4nkt design<\/span><\/h2>\n<p><span style=\"color: #999999;\">Designen \u00e4r medvetet utformad f\u00f6r att ge b\u00e5de anv\u00e4ndarv\u00e4nlig hantering, t\u00e5lighet vid transporter och en nyt\u00e4nkande form. Det sv\u00e4ngda locket i naturf\u00e4rgad bj\u00f6rk ger f\u00f6rst\u00e4rkaren ett s\u00e4rpr\u00e4glat utseende och den belysta displayen underl\u00e4ttar anv\u00e4ndningen \u00e4ven i mycket m\u00f6rka spellokaler.<\/span><\/p>\n<p>[\/et_pb_text][et_pb_text admin_label=&#8221;Specs&#8221; _builder_version=&#8221;4.14.4&#8243; background_size=&#8221;initial&#8221; background_position=&#8221;top_left&#8221; background_repeat=&#8221;repeat&#8221; hover_enabled=&#8221;0&#8243; use_border_color=&#8221;off&#8221; border_color=&#8221;#ffffff&#8221; border_style=&#8221;solid&#8221; global_colors_info=&#8221;{}&#8221; sticky_enabled=&#8221;0&#8243;]<\/p>\n<h2><span style=\"color: #999999;\">Specifikationer<\/span><\/h2>\n<p><span style=\"color: #999999;\">\u00a0<\/span><\/p>\n<table>\n<tbody>\n<tr>\n<td><span style=\"color: #999999;\">Typ<\/span><\/td>\n<td><span style=\"color: #999999;\">Halvledarf\u00f6rst\u00e4rkare<\/span><\/td>\n<\/tr>\n<tr>\n<td><span style=\"color: #999999;\">Kanaler<\/span><\/td>\n<td><span style=\"color: #999999;\">3<\/span><\/td>\n<\/tr>\n<tr>\n<td><span style=\"color: #999999;\">Uteffekt<\/span><\/td>\n<td><span style=\"color: #999999;\">50 W<\/span><\/td>\n<\/tr>\n<tr>\n<td><span style=\"color: #999999;\">Gr\u00e4nssnitt<\/span><\/td>\n<td><span style=\"color: #999999;\">USB, MIDI, Send, Return<\/span><\/td>\n<\/tr>\n<tr>\n<td><span style=\"color: #999999;\">Effekter<\/span><\/td>\n<td><span style=\"color: #999999;\">Reverb, Reverb delay, Reverb chorus<\/span><\/td>\n<\/tr>\n<tr>\n<td><span style=\"color: #999999;\">Minnesplatser<\/span><\/td>\n<td><span style=\"color: #999999;\">Upp till 128<\/span><\/td>\n<\/tr>\n<tr>\n<td><span style=\"color: #999999;\">H\u00f6gtalarimpedans<\/span><\/td>\n<td><span style=\"color: #999999;\">4, 8 eller 16 Ohm<\/span><\/td>\n<\/tr>\n<tr>\n<td><span style=\"color: #999999;\">Vikt<\/span><\/td>\n<td><span style=\"color: #999999;\">8,4 kg<\/span><\/td>\n<\/tr>\n<tr>\n<td><span style=\"color: #999999;\">Storlek<\/span><\/td>\n<td><span style=\"color: #999999;\">B x H x D 485 x 160 x 295 mm<\/span><\/td>\n<\/tr>\n<\/tbody>\n<\/table>\n<p>[\/et_pb_text][\/et_pb_column][et_pb_column type=&#8221;1_3&#8243; _builder_version=&#8221;3.25&#8243; custom_padding=&#8221;|||&#8221; global_colors_info=&#8221;{}&#8221; custom_padding__hover=&#8221;|||&#8221;][et_pb_text _builder_version=&#8221;3.27.4&#8243; background_size=&#8221;initial&#8221; background_position=&#8221;top_left&#8221; background_repeat=&#8221;repeat&#8221; global_colors_info=&#8221;{}&#8221;][\/et_pb_text][et_pb_image src=&#8221;https:\/\/geldernamp.com\/wp-content\/uploads\/2016\/09\/front1.jpg&#8221; alt=&#8221;Geldern Amps Front&#8221; show_in_lightbox=&#8221;on&#8221; use_overlay=&#8221;on&#8221; overlay_icon_color=&#8221;#ffffff&#8221; hover_overlay_color=&#8221;rgba(33,33,33,0.59)&#8221; align_tablet=&#8221;center&#8221; align_phone=&#8221;&#8221; align_last_edited=&#8221;on|desktop&#8221; admin_label=&#8221;Bild&#8221; _builder_version=&#8221;3.23&#8243; animation_style=&#8221;slide&#8221; animation_direction=&#8221;right&#8221; animation_duration=&#8221;500ms&#8221; animation_intensity_slide=&#8221;10%&#8221; use_border_color=&#8221;off&#8221; border_color=&#8221;#ffffff&#8221; border_style=&#8221;solid&#8221; animation=&#8221;right&#8221; sticky=&#8221;off&#8221; global_colors_info=&#8221;{}&#8221;][\/et_pb_image][et_pb_image src=&#8221;https:\/\/geldernamp.com\/wp-content\/uploads\/2016\/09\/side_left.jpg&#8221; alt=&#8221;Geldern Amps Side&#8221; show_in_lightbox=&#8221;on&#8221; use_overlay=&#8221;on&#8221; overlay_icon_color=&#8221;#ffffff&#8221; hover_overlay_color=&#8221;rgba(33,33,33,0.59)&#8221; align_tablet=&#8221;center&#8221; align_phone=&#8221;&#8221; align_last_edited=&#8221;on|desktop&#8221; admin_label=&#8221;Bild&#8221; _builder_version=&#8221;3.23&#8243; animation_style=&#8221;slide&#8221; animation_direction=&#8221;left&#8221; animation_duration=&#8221;500ms&#8221; animation_intensity_slide=&#8221;10%&#8221; use_border_color=&#8221;off&#8221; border_color=&#8221;#ffffff&#8221; border_style=&#8221;solid&#8221; animation=&#8221;left&#8221; sticky=&#8221;off&#8221; global_colors_info=&#8221;{}&#8221;][\/et_pb_image][et_pb_image src=&#8221;https:\/\/geldernamp.com\/wp-content\/uploads\/2016\/09\/ga_handle.jpg&#8221; alt=&#8221;Geldern Amps Handle&#8221; show_in_lightbox=&#8221;on&#8221; use_overlay=&#8221;on&#8221; overlay_icon_color=&#8221;#ffffff&#8221; hover_overlay_color=&#8221;rgba(33,33,33,0.59)&#8221; align_tablet=&#8221;center&#8221; align_phone=&#8221;&#8221; align_last_edited=&#8221;on|desktop&#8221; admin_label=&#8221;Bild&#8221; _builder_version=&#8221;3.23&#8243; animation_style=&#8221;slide&#8221; animation_direction=&#8221;right&#8221; animation_duration=&#8221;500ms&#8221; animation_intensity_slide=&#8221;10%&#8221; use_border_color=&#8221;off&#8221; border_color=&#8221;#ffffff&#8221; border_style=&#8221;solid&#8221; animation=&#8221;right&#8221; sticky=&#8221;off&#8221; global_colors_info=&#8221;{}&#8221;][\/et_pb_image][et_pb_image src=&#8221;https:\/\/geldernamp.com\/wp-content\/uploads\/2016\/09\/ga_interface.jpg&#8221; alt=&#8221;Geldern Amps Interface&#8221; show_in_lightbox=&#8221;on&#8221; use_overlay=&#8221;on&#8221; overlay_icon_color=&#8221;#ffffff&#8221; hover_overlay_color=&#8221;rgba(33,33,33,0.59)&#8221; align_tablet=&#8221;center&#8221; align_phone=&#8221;&#8221; align_last_edited=&#8221;on|desktop&#8221; admin_label=&#8221;Bild&#8221; _builder_version=&#8221;3.23&#8243; animation_style=&#8221;slide&#8221; animation_direction=&#8221;left&#8221; animation_duration=&#8221;500ms&#8221; animation_intensity_slide=&#8221;10%&#8221; use_border_color=&#8221;off&#8221; border_color=&#8221;#ffffff&#8221; border_style=&#8221;solid&#8221; animation=&#8221;left&#8221; sticky=&#8221;off&#8221; global_colors_info=&#8221;{}&#8221;][\/et_pb_image][\/et_pb_column][\/et_pb_row][\/et_pb_section]<\/p>\n","protected":false},"excerpt":{"rendered":"<p>Info om Geldern amplifiersAnv\u00e4ndarv\u00e4nlig Alla inst\u00e4llningar g\u00f6rs via en 7\u201d grafisk touch-display samt en tryck- och vridbar man\u00f6verknapp f\u00f6r menyer, inst\u00e4llning av funktioner och lagring av v\u00e4rden. Kanaler och effekter F\u00f6rst\u00e4rkaren best\u00e5r av 128 programmerbara kanaler, d\u00e4r varje kanal har tre grundl\u00e4ggande ljudkarakt\u00e4rer \u2013 clean, crunch eller distortion. Dessa ljudkarakt\u00e4rer har, i sin tur, sex [&hellip;]<\/p>\n","protected":false},"author":1,"featured_media":0,"parent":0,"menu_order":0,"comment_status":"closed","ping_status":"closed","template":"","meta":{"_et_pb_use_builder":"on","_et_pb_old_content":"","_et_gb_content_width":"","_monsterinsights_skip_tracking":false,"_monsterinsights_sitenote_active":false,"_monsterinsights_sitenote_note":"","_monsterinsights_sitenote_category":0,"footnotes":""},"class_list":["post-43","page","type-page","status-publish","hentry"],"yoast_head":"<!-- This site is optimized with the Yoast SEO plugin v27.5 - https:\/\/yoast.com\/product\/yoast-seo-wordpress\/ -->\n<title>Info - Geldern Amplifiers<\/title>\n<meta name=\"robots\" content=\"index, follow, max-snippet:-1, max-image-preview:large, max-video-preview:-1\" \/>\n<link rel=\"canonical\" href=\"https:\/\/geldernamp.com\/sv\/info\/\" \/>\n<meta property=\"og:locale\" content=\"sv_SE\" \/>\n<meta property=\"og:type\" content=\"article\" \/>\n<meta property=\"og:title\" content=\"Info - Geldern Amplifiers\" \/>\n<meta property=\"og:description\" content=\"Info om Geldern amplifiersAnv\u00e4ndarv\u00e4nlig Alla inst\u00e4llningar g\u00f6rs via en 7\u201d grafisk touch-display samt en tryck- och vridbar man\u00f6verknapp f\u00f6r menyer, inst\u00e4llning av funktioner och lagring av v\u00e4rden. Kanaler och effekter F\u00f6rst\u00e4rkaren best\u00e5r av 128 programmerbara kanaler, d\u00e4r varje kanal har tre grundl\u00e4ggande ljudkarakt\u00e4rer \u2013 clean, crunch eller distortion. Dessa ljudkarakt\u00e4rer har, i sin tur, sex [&hellip;]\" \/>\n<meta property=\"og:url\" content=\"https:\/\/geldernamp.com\/sv\/info\/\" \/>\n<meta property=\"og:site_name\" content=\"Geldern Amplifiers\" \/>\n<meta property=\"article:publisher\" content=\"https:\/\/www.facebook.com\/Geldern-Amplifiers-481632898677656\/\" \/>\n<meta property=\"article:modified_time\" content=\"2021-12-29T15:27:54+00:00\" \/>\n<meta name=\"twitter:card\" content=\"summary_large_image\" \/>\n<meta name=\"twitter:label1\" content=\"Ber\u00e4knad l\u00e4stid\" \/>\n\t<meta name=\"twitter:data1\" content=\"6 minuter\" \/>\n<script type=\"application\/ld+json\" class=\"yoast-schema-graph\">{\"@context\":\"https:\\\/\\\/schema.org\",\"@graph\":[{\"@type\":\"WebPage\",\"@id\":\"https:\\\/\\\/geldernamp.com\\\/sv\\\/info\\\/\",\"url\":\"https:\\\/\\\/geldernamp.com\\\/sv\\\/info\\\/\",\"name\":\"Info - Geldern Amplifiers\",\"isPartOf\":{\"@id\":\"https:\\\/\\\/geldernamp.com\\\/#website\"},\"datePublished\":\"2016-09-30T14:06:54+00:00\",\"dateModified\":\"2021-12-29T15:27:54+00:00\",\"breadcrumb\":{\"@id\":\"https:\\\/\\\/geldernamp.com\\\/sv\\\/info\\\/#breadcrumb\"},\"inLanguage\":\"sv-SE\",\"potentialAction\":[{\"@type\":\"ReadAction\",\"target\":[\"https:\\\/\\\/geldernamp.com\\\/sv\\\/info\\\/\"]}]},{\"@type\":\"BreadcrumbList\",\"@id\":\"https:\\\/\\\/geldernamp.com\\\/sv\\\/info\\\/#breadcrumb\",\"itemListElement\":[{\"@type\":\"ListItem\",\"position\":1,\"name\":\"Home\",\"item\":\"https:\\\/\\\/geldernamp.com\\\/sv\\\/\"},{\"@type\":\"ListItem\",\"position\":2,\"name\":\"Info\"}]},{\"@type\":\"WebSite\",\"@id\":\"https:\\\/\\\/geldernamp.com\\\/#website\",\"url\":\"https:\\\/\\\/geldernamp.com\\\/\",\"name\":\"Geldern Amplifiers\",\"description\":\"The Next Stage\",\"potentialAction\":[{\"@type\":\"SearchAction\",\"target\":{\"@type\":\"EntryPoint\",\"urlTemplate\":\"https:\\\/\\\/geldernamp.com\\\/?s={search_term_string}\"},\"query-input\":{\"@type\":\"PropertyValueSpecification\",\"valueRequired\":true,\"valueName\":\"search_term_string\"}}],\"inLanguage\":\"sv-SE\"}]}<\/script>\n<!-- \/ Yoast SEO plugin. -->","yoast_head_json":{"title":"Info - Geldern Amplifiers","robots":{"index":"index","follow":"follow","max-snippet":"max-snippet:-1","max-image-preview":"max-image-preview:large","max-video-preview":"max-video-preview:-1"},"canonical":"https:\/\/geldernamp.com\/sv\/info\/","og_locale":"sv_SE","og_type":"article","og_title":"Info - Geldern Amplifiers","og_description":"Info om Geldern amplifiersAnv\u00e4ndarv\u00e4nlig Alla inst\u00e4llningar g\u00f6rs via en 7\u201d grafisk touch-display samt en tryck- och vridbar man\u00f6verknapp f\u00f6r menyer, inst\u00e4llning av funktioner och lagring av v\u00e4rden. Kanaler och effekter F\u00f6rst\u00e4rkaren best\u00e5r av 128 programmerbara kanaler, d\u00e4r varje kanal har tre grundl\u00e4ggande ljudkarakt\u00e4rer \u2013 clean, crunch eller distortion. Dessa ljudkarakt\u00e4rer har, i sin tur, sex [&hellip;]","og_url":"https:\/\/geldernamp.com\/sv\/info\/","og_site_name":"Geldern Amplifiers","article_publisher":"https:\/\/www.facebook.com\/Geldern-Amplifiers-481632898677656\/","article_modified_time":"2021-12-29T15:27:54+00:00","twitter_card":"summary_large_image","twitter_misc":{"Ber\u00e4knad l\u00e4stid":"6 minuter"},"schema":{"@context":"https:\/\/schema.org","@graph":[{"@type":"WebPage","@id":"https:\/\/geldernamp.com\/sv\/info\/","url":"https:\/\/geldernamp.com\/sv\/info\/","name":"Info - Geldern Amplifiers","isPartOf":{"@id":"https:\/\/geldernamp.com\/#website"},"datePublished":"2016-09-30T14:06:54+00:00","dateModified":"2021-12-29T15:27:54+00:00","breadcrumb":{"@id":"https:\/\/geldernamp.com\/sv\/info\/#breadcrumb"},"inLanguage":"sv-SE","potentialAction":[{"@type":"ReadAction","target":["https:\/\/geldernamp.com\/sv\/info\/"]}]},{"@type":"BreadcrumbList","@id":"https:\/\/geldernamp.com\/sv\/info\/#breadcrumb","itemListElement":[{"@type":"ListItem","position":1,"name":"Home","item":"https:\/\/geldernamp.com\/sv\/"},{"@type":"ListItem","position":2,"name":"Info"}]},{"@type":"WebSite","@id":"https:\/\/geldernamp.com\/#website","url":"https:\/\/geldernamp.com\/","name":"Geldern Amplifiers","description":"The Next Stage","potentialAction":[{"@type":"SearchAction","target":{"@type":"EntryPoint","urlTemplate":"https:\/\/geldernamp.com\/?s={search_term_string}"},"query-input":{"@type":"PropertyValueSpecification","valueRequired":true,"valueName":"search_term_string"}}],"inLanguage":"sv-SE"}]}},"_links":{"self":[{"href":"https:\/\/geldernamp.com\/sv\/wp-json\/wp\/v2\/pages\/43","targetHints":{"allow":["GET"]}}],"collection":[{"href":"https:\/\/geldernamp.com\/sv\/wp-json\/wp\/v2\/pages"}],"about":[{"href":"https:\/\/geldernamp.com\/sv\/wp-json\/wp\/v2\/types\/page"}],"author":[{"embeddable":true,"href":"https:\/\/geldernamp.com\/sv\/wp-json\/wp\/v2\/users\/1"}],"replies":[{"embeddable":true,"href":"https:\/\/geldernamp.com\/sv\/wp-json\/wp\/v2\/comments?post=43"}],"version-history":[{"count":0,"href":"https:\/\/geldernamp.com\/sv\/wp-json\/wp\/v2\/pages\/43\/revisions"}],"wp:attachment":[{"href":"https:\/\/geldernamp.com\/sv\/wp-json\/wp\/v2\/media?parent=43"}],"curies":[{"name":"wp","href":"https:\/\/api.w.org\/{rel}","templated":true}]}}