{"id":37,"date":"2016-09-30T16:03:20","date_gmt":"2016-09-30T14:03:20","guid":{"rendered":"http:\/\/geldernamp.com.loopiadns.com\/?page_id=37"},"modified":"2021-12-29T16:31:36","modified_gmt":"2021-12-29T15:31:36","slug":"startsida","status":"publish","type":"page","link":"https:\/\/geldernamp.com\/sv\/","title":{"rendered":"Startsida"},"content":{"rendered":"<p>[et_pb_section fb_built=&#8221;1&#8243; fullwidth=&#8221;on&#8221; custom_padding_last_edited=&#8221;on|desktop&#8221; admin_label=&#8221;Sektion&#8221; _builder_version=&#8221;3.22&#8243; background_color=&#8221;rgba(255,255,255,0)&#8221; custom_padding_tablet=&#8221;50px|0|50px|0&#8243; custom_padding_phone=&#8221;&#8221; transparent_background=&#8221;on&#8221; padding_mobile=&#8221;off&#8221; global_colors_info=&#8221;{}&#8221;][et_pb_fullwidth_header header_fullscreen=&#8221;on&#8221; header_scroll_down=&#8221;on&#8221; scroll_down_icon=&#8221;%%1%%&#8221; admin_label=&#8221;Sidhuvud &#8211; helbredd&#8221; _builder_version=&#8221;3.17.1&#8243; background_color=&#8221;rgba(255, 255, 255, 0)&#8221; background_image=&#8221;https:\/\/geldernamp.com\/wp-content\/uploads\/2016\/09\/topbild-1.jpg&#8221; background_layout=&#8221;light&#8221; max_width_tablet=&#8221;50px&#8221; global_colors_info=&#8221;{}&#8221; button_one_text_size__hover_enabled=&#8221;off&#8221; button_one_text_size__hover=&#8221;null&#8221; button_two_text_size__hover_enabled=&#8221;off&#8221; button_two_text_size__hover=&#8221;null&#8221; button_one_text_color__hover_enabled=&#8221;off&#8221; button_one_text_color__hover=&#8221;null&#8221; button_two_text_color__hover_enabled=&#8221;off&#8221; button_two_text_color__hover=&#8221;null&#8221; button_one_border_width__hover_enabled=&#8221;off&#8221; button_one_border_width__hover=&#8221;null&#8221; button_two_border_width__hover_enabled=&#8221;off&#8221; button_two_border_width__hover=&#8221;null&#8221; button_one_border_color__hover_enabled=&#8221;off&#8221; button_one_border_color__hover=&#8221;null&#8221; button_two_border_color__hover_enabled=&#8221;off&#8221; button_two_border_color__hover=&#8221;null&#8221; button_one_border_radius__hover_enabled=&#8221;off&#8221; button_one_border_radius__hover=&#8221;null&#8221; button_two_border_radius__hover_enabled=&#8221;off&#8221; button_two_border_radius__hover=&#8221;null&#8221; button_one_letter_spacing__hover_enabled=&#8221;on&#8221; button_one_letter_spacing__hover=&#8221;0&#8243; button_two_letter_spacing__hover_enabled=&#8221;on&#8221; button_two_letter_spacing__hover=&#8221;0&#8243; button_one_bg_color__hover_enabled=&#8221;off&#8221; button_one_bg_color__hover=&#8221;null&#8221; button_two_bg_color__hover_enabled=&#8221;off&#8221; button_two_bg_color__hover=&#8221;null&#8221;][\/et_pb_fullwidth_header][\/et_pb_section][et_pb_section fb_built=&#8221;1&#8243; custom_padding_last_edited=&#8221;on|desktop&#8221; admin_label=&#8221;section&#8221; _builder_version=&#8221;3.22&#8243; background_color=&#8221;rgba(255,255,255,0)&#8221; background_image=&#8221;https:\/\/geldernamp.com\/wp-content\/uploads\/2016\/09\/bg.jpg&#8221; parallax=&#8221;on&#8221; parallax_method=&#8221;off&#8221; custom_padding_tablet=&#8221;50px|0|50px|0&#8243; custom_padding_phone=&#8221;&#8221; global_colors_info=&#8221;{}&#8221;][et_pb_row column_structure=&#8221;2_3,1_3&#8243; admin_label=&#8221;row&#8221; _builder_version=&#8221;3.25&#8243; background_size=&#8221;initial&#8221; background_position=&#8221;top_left&#8221; background_repeat=&#8221;repeat&#8221; global_colors_info=&#8221;{}&#8221;][et_pb_column type=&#8221;2_3&#8243; _builder_version=&#8221;3.25&#8243; custom_padding=&#8221;|||&#8221; global_colors_info=&#8221;{}&#8221; custom_padding__hover=&#8221;|||&#8221;][et_pb_text _builder_version=&#8221;4.14.4&#8243; background_size=&#8221;initial&#8221; background_position=&#8221;top_left&#8221; background_repeat=&#8221;repeat&#8221; hover_enabled=&#8221;0&#8243; use_border_color=&#8221;off&#8221; border_color=&#8221;#ffffff&#8221; border_style=&#8221;solid&#8221; global_colors_info=&#8221;{}&#8221; sticky_enabled=&#8221;0&#8243;]<\/p>\n<h1><span style=\"color: #999999;\">Geldern Amplifiers<\/span><\/h1>\n<p><span style=\"color: #999999;\">Geldern Amplifiers \u00e4r en ny typ av f\u00f6rst\u00e4rkare med analog signalkedja och digital styrning. Den f\u00f6renar det b\u00e4sta av tv\u00e5 v\u00e4rldar, analog och digital teknik, utan f\u00f6rvr\u00e4ngning av den analoga signalen.\u00a0Med en enkel touchsk\u00e4rm och ett vridreglage kommer du l\u00e4tt \u00e5t alla funktioner.<\/span><\/p>\n<p><span style=\"color: #999999;\">F\u00f6rst\u00e4rkaren best\u00e5r av 128 programmerbara kanaler, d\u00e4r varje kanal har tre grundl\u00e4ggande ljudkarakt\u00e4rer, clean, crunch eller distortion. Dessa ljudkarakt\u00e4rer har, i sin tur, sex stycken olika varianter (modes).<\/span><\/p>\n<p><span style=\"color: #999999;\">Det finns ocks\u00e5 interna effekter som l\u00e4tt kan sl\u00e5s p\u00e5 och av, specifikt f\u00f6r varje kanal. Effekterna best\u00e5r av Reverb, Reverb Delay samt Reverb Chorus.<\/span><\/p>\n<p><span style=\"color: #999999;\">F\u00f6rst\u00e4rkaren har \u00e4ven en programmerbar effektloop f\u00f6r varje kanal. Effektloopen kan anv\u00e4ndas som serie, parallell eller en blandning (mix) av dessa.\u00a0Det finns dessutom en inst\u00e4llning d\u00e4r signalniv\u00e5n kan vara -10dBV (gitarreffekts niv\u00e5) eller +4dBu (professionell utrustning).<\/span><\/p>\n<p><span style=\"color: #999999;\">F\u00f6rst\u00e4rkaren har ocks\u00e5 ett standard MIDI interface .<\/span><\/p>\n<p><span style=\"color: #999999;\">Den \u00e4r robust och l\u00e4tt att transportera.<\/span><\/p>\n<p><span style=\"color: #999999;\">Geldern Amp har en varm och fyllig ton som bidrar till verklig spelgl\u00e4dje. Prova sj\u00e4lv s\u00e5 f\u00e5r du h\u00f6ra!<\/span><\/p>\n<p><span style=\"color: #999999;\">\u00a0<\/span><\/p>\n<p>[\/et_pb_text][\/et_pb_column][et_pb_column type=&#8221;1_3&#8243; _builder_version=&#8221;3.25&#8243; custom_padding=&#8221;|||&#8221; global_colors_info=&#8221;{}&#8221; custom_padding__hover=&#8221;|||&#8221;][et_pb_image src=&#8221;https:\/\/geldernamp.com\/wp-content\/uploads\/2016\/09\/larsson_ny.jpg&#8221; force_fullwidth=&#8221;on&#8221; align_tablet=&#8221;center&#8221; align_phone=&#8221;&#8221; align_last_edited=&#8221;on|desktop&#8221; disabled_on=&#8221;off||&#8221; admin_label=&#8221;Bild&#8221; _builder_version=&#8221;3.23&#8243; border_color_all=&#8221;#c6c6c6&#8243; use_border_color=&#8221;on&#8221; global_colors_info=&#8221;{}&#8221;][\/et_pb_image][\/et_pb_column][\/et_pb_row][\/et_pb_section][et_pb_section fb_built=&#8221;1&#8243; custom_padding_last_edited=&#8221;on|desktop&#8221; disabled_on=&#8221;on||&#8221; admin_label=&#8221;Sektion&#8221; _builder_version=&#8221;3.22&#8243; background_color=&#8221;rgba(255,255,255,0)&#8221; background_image=&#8221;https:\/\/geldernamp.com\/wp-content\/uploads\/2016\/09\/guitarist.jpg&#8221; parallax=&#8221;on&#8221; parallax_method=&#8221;off&#8221; custom_margin=&#8221;||-1px|||&#8221; custom_padding=&#8221;8%||17.4%|||&#8221; custom_padding_tablet=&#8221;50px|0|50px|0&#8243; custom_padding_phone=&#8221;&#8221; global_colors_info=&#8221;{}&#8221;][et_pb_row admin_label=&#8221;Rad&#8221; _builder_version=&#8221;3.25&#8243; background_size=&#8221;initial&#8221; background_position=&#8221;top_left&#8221; background_repeat=&#8221;repeat&#8221; global_colors_info=&#8221;{}&#8221;][et_pb_column type=&#8221;4_4&#8243; _builder_version=&#8221;3.25&#8243; custom_padding=&#8221;|||&#8221; global_colors_info=&#8221;{}&#8221; custom_padding__hover=&#8221;|||&#8221;][et_pb_text admin_label=&#8221;The Next Stage&#8221; _builder_version=&#8221;4.14.4&#8243; background_size=&#8221;initial&#8221; background_position=&#8221;top_left&#8221; background_repeat=&#8221;repeat&#8221; min_height=&#8221;49px&#8221; hover_enabled=&#8221;0&#8243; use_border_color=&#8221;off&#8221; border_color=&#8221;#ffffff&#8221; border_style=&#8221;solid&#8221; global_colors_info=&#8221;{}&#8221; sticky_enabled=&#8221;0&#8243;]<\/p>\n<h1 style=\"text-align: center;\"><span style=\"color: #999999;\"><strong>the next stage<\/strong><\/span><\/h1>\n<p>[\/et_pb_text][\/et_pb_column][\/et_pb_row][\/et_pb_section]<\/p>\n","protected":false},"excerpt":{"rendered":"<p>Geldern Amplifiers Geldern Amplifiers \u00e4r en ny typ av f\u00f6rst\u00e4rkare med analog signalkedja och digital styrning. Den f\u00f6renar det b\u00e4sta av tv\u00e5 v\u00e4rldar, analog och digital teknik, utan f\u00f6rvr\u00e4ngning av den analoga signalen.\u00a0Med en enkel touchsk\u00e4rm och ett vridreglage kommer du l\u00e4tt \u00e5t alla funktioner. F\u00f6rst\u00e4rkaren best\u00e5r av 128 programmerbara kanaler, d\u00e4r varje kanal har [&hellip;]<\/p>\n","protected":false},"author":1,"featured_media":0,"parent":0,"menu_order":0,"comment_status":"closed","ping_status":"closed","template":"","meta":{"_et_pb_use_builder":"on","_et_pb_old_content":"","_et_gb_content_width":"","_monsterinsights_skip_tracking":false,"_monsterinsights_sitenote_active":false,"_monsterinsights_sitenote_note":"","_monsterinsights_sitenote_category":0,"footnotes":""},"class_list":["post-37","page","type-page","status-publish","hentry"],"yoast_head":"<!-- This site is optimized with the Yoast SEO plugin v27.4 - https:\/\/yoast.com\/product\/yoast-seo-wordpress\/ -->\n<title>Startsida - Geldern Amplifiers<\/title>\n<meta name=\"robots\" content=\"index, follow, max-snippet:-1, max-image-preview:large, max-video-preview:-1\" \/>\n<link rel=\"canonical\" href=\"https:\/\/geldernamp.com\/sv\/\" \/>\n<meta property=\"og:locale\" content=\"sv_SE\" \/>\n<meta property=\"og:type\" content=\"article\" \/>\n<meta property=\"og:title\" content=\"Startsida - Geldern Amplifiers\" \/>\n<meta property=\"og:description\" content=\"Geldern Amplifiers Geldern Amplifiers \u00e4r en ny typ av f\u00f6rst\u00e4rkare med analog signalkedja och digital styrning. Den f\u00f6renar det b\u00e4sta av tv\u00e5 v\u00e4rldar, analog och digital teknik, utan f\u00f6rvr\u00e4ngning av den analoga signalen.\u00a0Med en enkel touchsk\u00e4rm och ett vridreglage kommer du l\u00e4tt \u00e5t alla funktioner. F\u00f6rst\u00e4rkaren best\u00e5r av 128 programmerbara kanaler, d\u00e4r varje kanal har [&hellip;]\" \/>\n<meta property=\"og:url\" content=\"https:\/\/geldernamp.com\/sv\/\" \/>\n<meta property=\"og:site_name\" content=\"Geldern Amplifiers\" \/>\n<meta property=\"article:publisher\" content=\"https:\/\/www.facebook.com\/Geldern-Amplifiers-481632898677656\/\" \/>\n<meta property=\"article:modified_time\" content=\"2021-12-29T15:31:36+00:00\" \/>\n<meta name=\"twitter:card\" content=\"summary_large_image\" \/>\n<meta name=\"twitter:label1\" content=\"Ber\u00e4knad l\u00e4stid\" \/>\n\t<meta name=\"twitter:data1\" content=\"4 minuter\" \/>\n<script type=\"application\/ld+json\" class=\"yoast-schema-graph\">{\"@context\":\"https:\\\/\\\/schema.org\",\"@graph\":[{\"@type\":\"WebPage\",\"@id\":\"https:\\\/\\\/geldernamp.com\\\/sv\\\/\",\"url\":\"https:\\\/\\\/geldernamp.com\\\/sv\\\/\",\"name\":\"Startsida - Geldern Amplifiers\",\"isPartOf\":{\"@id\":\"https:\\\/\\\/geldernamp.com\\\/#website\"},\"datePublished\":\"2016-09-30T14:03:20+00:00\",\"dateModified\":\"2021-12-29T15:31:36+00:00\",\"breadcrumb\":{\"@id\":\"https:\\\/\\\/geldernamp.com\\\/sv\\\/#breadcrumb\"},\"inLanguage\":\"sv-SE\",\"potentialAction\":[{\"@type\":\"ReadAction\",\"target\":[\"https:\\\/\\\/geldernamp.com\\\/sv\\\/\"]}]},{\"@type\":\"BreadcrumbList\",\"@id\":\"https:\\\/\\\/geldernamp.com\\\/sv\\\/#breadcrumb\",\"itemListElement\":[{\"@type\":\"ListItem\",\"position\":1,\"name\":\"Home\",\"item\":\"https:\\\/\\\/geldernamp.com\\\/sv\\\/\"},{\"@type\":\"ListItem\",\"position\":2,\"name\":\"Startsida\"}]},{\"@type\":\"WebSite\",\"@id\":\"https:\\\/\\\/geldernamp.com\\\/#website\",\"url\":\"https:\\\/\\\/geldernamp.com\\\/\",\"name\":\"Geldern Amplifiers\",\"description\":\"The Next Stage\",\"potentialAction\":[{\"@type\":\"SearchAction\",\"target\":{\"@type\":\"EntryPoint\",\"urlTemplate\":\"https:\\\/\\\/geldernamp.com\\\/?s={search_term_string}\"},\"query-input\":{\"@type\":\"PropertyValueSpecification\",\"valueRequired\":true,\"valueName\":\"search_term_string\"}}],\"inLanguage\":\"sv-SE\"}]}<\/script>\n<!-- \/ Yoast SEO plugin. -->","yoast_head_json":{"title":"Startsida - Geldern Amplifiers","robots":{"index":"index","follow":"follow","max-snippet":"max-snippet:-1","max-image-preview":"max-image-preview:large","max-video-preview":"max-video-preview:-1"},"canonical":"https:\/\/geldernamp.com\/sv\/","og_locale":"sv_SE","og_type":"article","og_title":"Startsida - Geldern Amplifiers","og_description":"Geldern Amplifiers Geldern Amplifiers \u00e4r en ny typ av f\u00f6rst\u00e4rkare med analog signalkedja och digital styrning. Den f\u00f6renar det b\u00e4sta av tv\u00e5 v\u00e4rldar, analog och digital teknik, utan f\u00f6rvr\u00e4ngning av den analoga signalen.\u00a0Med en enkel touchsk\u00e4rm och ett vridreglage kommer du l\u00e4tt \u00e5t alla funktioner. F\u00f6rst\u00e4rkaren best\u00e5r av 128 programmerbara kanaler, d\u00e4r varje kanal har [&hellip;]","og_url":"https:\/\/geldernamp.com\/sv\/","og_site_name":"Geldern Amplifiers","article_publisher":"https:\/\/www.facebook.com\/Geldern-Amplifiers-481632898677656\/","article_modified_time":"2021-12-29T15:31:36+00:00","twitter_card":"summary_large_image","twitter_misc":{"Ber\u00e4knad l\u00e4stid":"4 minuter"},"schema":{"@context":"https:\/\/schema.org","@graph":[{"@type":"WebPage","@id":"https:\/\/geldernamp.com\/sv\/","url":"https:\/\/geldernamp.com\/sv\/","name":"Startsida - Geldern Amplifiers","isPartOf":{"@id":"https:\/\/geldernamp.com\/#website"},"datePublished":"2016-09-30T14:03:20+00:00","dateModified":"2021-12-29T15:31:36+00:00","breadcrumb":{"@id":"https:\/\/geldernamp.com\/sv\/#breadcrumb"},"inLanguage":"sv-SE","potentialAction":[{"@type":"ReadAction","target":["https:\/\/geldernamp.com\/sv\/"]}]},{"@type":"BreadcrumbList","@id":"https:\/\/geldernamp.com\/sv\/#breadcrumb","itemListElement":[{"@type":"ListItem","position":1,"name":"Home","item":"https:\/\/geldernamp.com\/sv\/"},{"@type":"ListItem","position":2,"name":"Startsida"}]},{"@type":"WebSite","@id":"https:\/\/geldernamp.com\/#website","url":"https:\/\/geldernamp.com\/","name":"Geldern Amplifiers","description":"The Next Stage","potentialAction":[{"@type":"SearchAction","target":{"@type":"EntryPoint","urlTemplate":"https:\/\/geldernamp.com\/?s={search_term_string}"},"query-input":{"@type":"PropertyValueSpecification","valueRequired":true,"valueName":"search_term_string"}}],"inLanguage":"sv-SE"}]}},"_links":{"self":[{"href":"https:\/\/geldernamp.com\/sv\/wp-json\/wp\/v2\/pages\/37","targetHints":{"allow":["GET"]}}],"collection":[{"href":"https:\/\/geldernamp.com\/sv\/wp-json\/wp\/v2\/pages"}],"about":[{"href":"https:\/\/geldernamp.com\/sv\/wp-json\/wp\/v2\/types\/page"}],"author":[{"embeddable":true,"href":"https:\/\/geldernamp.com\/sv\/wp-json\/wp\/v2\/users\/1"}],"replies":[{"embeddable":true,"href":"https:\/\/geldernamp.com\/sv\/wp-json\/wp\/v2\/comments?post=37"}],"version-history":[{"count":0,"href":"https:\/\/geldernamp.com\/sv\/wp-json\/wp\/v2\/pages\/37\/revisions"}],"wp:attachment":[{"href":"https:\/\/geldernamp.com\/sv\/wp-json\/wp\/v2\/media?parent=37"}],"curies":[{"name":"wp","href":"https:\/\/api.w.org\/{rel}","templated":true}]}}